{"id":3233,"date":"2018-08-01T07:48:25","date_gmt":"2018-08-01T07:48:25","guid":{"rendered":"https:\/\/msproperty.es\/?page_id=3233"},"modified":"2022-10-21T12:51:04","modified_gmt":"2022-10-21T12:51:04","slug":"sobre-nosotros","status":"publish","type":"page","link":"https:\/\/msproperty.es\/es\/sobre-nosotros\/","title":{"rendered":"Sobre Nosotros"},"content":{"rendered":"<div class=\"wpb-content-wrapper\"><p>[vc_row][vc_column]<div style=\"clear:both; width:100%; height:50px\"><\/div>[\/vc_column][\/vc_row][vc_row content_placement=&#8221;middle&#8221; css=&#8221;.vc_custom_1656417229565{padding-top: 50px !important;padding-bottom: 30px !important;}&#8221;][vc_column width=&#8221;1\/2&#8243;][vc_single_image image=&#8221;7341&#8243; img_size=&#8221;full&#8221;][\/vc_column][vc_column width=&#8221;1\/2&#8243;][vc_custom_heading text=&#8221;MS PROPERTY Asesores inmobiliarios.&#8221; font_container=&#8221;tag:h2|text_align:center|color:%23000099&#8243; google_fonts=&#8221;font_family:Raleway%3A100%2C200%2C300%2Cregular%2C500%2C600%2C700%2C800%2C900|font_style:600%20bold%20regular%3A600%3Anormal&#8221; css_animation=&#8221;fadeIn&#8221; css=&#8221;.vc_custom_1666356327859{padding-bottom: 30px !important;}&#8221;][vc_column_text]<\/p>\n<p style=\"text-align: justify;\">Empresa dedicada a la gesti\u00f3n inmobiliaria centrada en el \u00e1rea de actuaci\u00f3n de la Costa del Sol, ubicada en la localidad de San Pedro de Alc\u00e1ntara en Marbella (M\u00e1laga).<br \/>\nNuestra experiencia en el sector est\u00e1 avalada por los m\u00e1s de 23 a\u00f1os<br \/>\ndedicados al mundo inmobiliario en San Pedro de Alc\u00e1ntara, Marbella y la<br \/>\nCosta del Sol.<\/p>\n<p>[\/vc_column_text][\/vc_column][\/vc_row][vc_row full_width=&#8221;stretch_row&#8221; content_placement=&#8221;middle&#8221; css=&#8221;.vc_custom_1656418601647{padding-top: 30px !important;padding-bottom: 30px !important;background-color: #ffffff !important;}&#8221; el_class=&#8221;reverse-columnass&#8221;][vc_column width=&#8221;1\/2&#8243;][vc_custom_heading text=&#8221;El Equipo&#8221; font_container=&#8221;tag:h2|text_align:center|color:%23000099&#8243; google_fonts=&#8221;font_family:Raleway%3A100%2C200%2C300%2Cregular%2C500%2C600%2C700%2C800%2C900|font_style:600%20bold%20regular%3A600%3Anormal&#8221; css_animation=&#8221;fadeIn&#8221; css=&#8221;.vc_custom_1666356310914{padding-bottom: 30px !important;}&#8221;][vc_column_text]<\/p>\n<p style=\"text-align: justify;\"><strong>MS PROPERTY<\/strong> est\u00e1 formada por un equipo de expertos profesionales con un objetivo com\u00fan: Satisfacer las demandas de nuestros clientes.<br \/>\nNuestra directora, Susana Rodr\u00edguez, comenz\u00f3 su carrera profesional en el a\u00f1o 2.000, es una persona de reconocida solvencia y dilatada experiencia en el mundo inmobiliario sobrevenida como consecuencia de haber pertenecido durante 10 a\u00f1os al equipo de ventas de la Promotora Proincosta S.A, dirigiendo actualmente su propio equipo.<br \/>\nEn el a\u00f1o 2.008, Susana y su marido Manuel abrieron su primera oficina en Nueva Alc\u00e1ntara ofreciendo a sus clientes todos los servicios de reformas necesarios para el acondicionamiento de sus viviendas.<br \/>\nManuel Merino, persona de dilatada experiencia en el sector de la construcci\u00f3n y en la direcci\u00f3n de obras y proyectos, con m\u00e1s de 35 a\u00f1os de experiencia. Su reputada solvencia a lo largo de tantos a\u00f1os y proyectos hace que sea unos de<br \/>\nlos mejores Project Manager de la zona.<\/p>\n<p>[\/vc_column_text][\/vc_column][vc_column width=&#8221;1\/2&#8243;][vc_single_image image=&#8221;7335&#8243; img_size=&#8221;full&#8221;][\/vc_column][\/vc_row][vc_row content_placement=&#8221;middle&#8221; css=&#8221;.vc_custom_1656416810304{padding-top: 30px !important;padding-bottom: 30px !important;}&#8221;][vc_column width=&#8221;1\/2&#8243;][vc_gallery type=&#8221;flexslider_slide&#8221; interval=&#8221;3&#8243; images=&#8221;13050,13052,13054,13056&#8243; img_size=&#8221;full&#8221; onclick=&#8221;&#8221;][\/vc_column][vc_column width=&#8221;1\/2&#8243;][vc_custom_heading text=&#8221;Nuestros clientes, nuestro patrimonio&#8221; font_container=&#8221;tag:h2|text_align:center|color:%23000099&#8243; google_fonts=&#8221;font_family:Raleway%3A100%2C200%2C300%2Cregular%2C500%2C600%2C700%2C800%2C900|font_style:600%20bold%20regular%3A600%3Anormal&#8221; css_animation=&#8221;fadeIn&#8221; css=&#8221;.vc_custom_1666356421011{padding-bottom: 30px !important;}&#8221;][vc_column_text]<\/p>\n<p style=\"text-align: justify;\">En <strong>MS Property<\/strong>, ponemos a disposici\u00f3n de nuestros clientes todos los servicios necesarios, y la experiencia de nuestro personal.<br \/>\nDisponemos de una amplia oferta y cartera de todo tipo de inmuebles en venta o en alquiler y todos los servicios necesarios para el acondicionamiento de su hogar.<br \/>\n<strong>MS Property<\/strong>: \u201cEntre las cualidades m\u00e1s esenciales de nuestro personal est\u00e1 la confianza en uno mismo y el crear confianza en nuestros clientes\u201d.<\/p>\n<p>[\/vc_column_text][\/vc_column][\/vc_row][vc_row][vc_column]<div style=\"clear:both; width:100%; height:50px\"><\/div>[\/vc_column][\/vc_row]<\/p>\n<\/div>","protected":false},"excerpt":{"rendered":"<p>[vc_row][vc_column][\/vc_column][\/vc_row][vc_row content_placement=&#8221;middle&#8221; css=&#8221;.vc_custom_1656417229565{padding-top: 50px !important;padding-bottom: 30px !important;}&#8221;][vc_column width=&#8221;1\/2&#8243;][vc_single_image image=&#8221;7341&#8243; img_size=&#8221;full&#8221;][\/vc_column][vc_column width=&#8221;1\/2&#8243;][vc_custom_heading text=&#8221;MS PROPERTY Asesores inmobiliarios.&#8221; font_container=&#8221;tag:h2|text_align:center|color:%23000099&#8243; google_fonts=&#8221;font_family:Raleway%3A100%2C200%2C300%2Cregular%2C500%2C600%2C700%2C800%2C900|font_style:600%20bold%20regular%3A600%3Anormal&#8221; css_animation=&#8221;fadeIn&#8221; css=&#8221;.vc_custom_1666356327859{padding-bottom: 30px !important;}&#8221;][vc_column_text] Empresa dedicada a la gesti\u00f3n inmobiliaria centrada en el \u00e1rea de actuaci\u00f3n de la Costa del Sol, ubicada en la localidad de San Pedro de Alc\u00e1ntara en Marbella (M\u00e1laga). Nuestra experiencia en el sector [&hellip;]<\/p>\n","protected":false},"author":2,"featured_media":0,"parent":0,"menu_order":0,"comment_status":"closed","ping_status":"closed","template":"template\/template-homepage.php","meta":{"footnotes":""},"class_list":["post-3233","page","type-page","status-publish","hentry"],"yoast_head":"<!-- This site is optimized with the Yoast SEO plugin v27.3 - https:\/\/yoast.com\/product\/yoast-seo-wordpress\/ -->\n<title>Sobre Nosotros - MS Property<\/title>\n<meta name=\"robots\" content=\"index, follow, max-snippet:-1, max-image-preview:large, max-video-preview:-1\" \/>\n<link rel=\"canonical\" href=\"https:\/\/msproperty.es\/es\/sobre-nosotros\/\" \/>\n<meta property=\"og:locale\" content=\"es_ES\" \/>\n<meta property=\"og:type\" content=\"article\" \/>\n<meta property=\"og:title\" content=\"Sobre Nosotros - MS Property\" \/>\n<meta property=\"og:description\" content=\"[vc_row][vc_column][\/vc_column][\/vc_row][vc_row content_placement=&#8221;middle&#8221; css=&#8221;.vc_custom_1656417229565{padding-top: 50px !important;padding-bottom: 30px !important;}&#8221;][vc_column width=&#8221;1\/2&#8243;][vc_single_image image=&#8221;7341&#8243; img_size=&#8221;full&#8221;][\/vc_column][vc_column width=&#8221;1\/2&#8243;][vc_custom_heading text=&#8221;MS PROPERTY Asesores inmobiliarios.&#8221; font_container=&#8221;tag:h2|text_align:center|color:%23000099&#8243; google_fonts=&#8221;font_family:Raleway%3A100%2C200%2C300%2Cregular%2C500%2C600%2C700%2C800%2C900|font_style:600%20bold%20regular%3A600%3Anormal&#8221; css_animation=&#8221;fadeIn&#8221; css=&#8221;.vc_custom_1666356327859{padding-bottom: 30px !important;}&#8221;][vc_column_text] Empresa dedicada a la gesti\u00f3n inmobiliaria centrada en el \u00e1rea de actuaci\u00f3n de la Costa del Sol, ubicada en la localidad de San Pedro de Alc\u00e1ntara en Marbella (M\u00e1laga). Nuestra experiencia en el sector [&hellip;]\" \/>\n<meta property=\"og:url\" content=\"https:\/\/msproperty.es\/es\/sobre-nosotros\/\" \/>\n<meta property=\"og:site_name\" content=\"MS Property\" \/>\n<meta property=\"article:modified_time\" content=\"2022-10-21T12:51:04+00:00\" \/>\n<meta name=\"twitter:card\" content=\"summary_large_image\" \/>\n<meta name=\"twitter:label1\" content=\"Tiempo de lectura\" \/>\n\t<meta name=\"twitter:data1\" content=\"2 minutos\" \/>\n<script type=\"application\/ld+json\" class=\"yoast-schema-graph\">{\"@context\":\"https:\\\/\\\/schema.org\",\"@graph\":[{\"@type\":\"WebPage\",\"@id\":\"https:\\\/\\\/msproperty.es\\\/es\\\/sobre-nosotros\\\/\",\"url\":\"https:\\\/\\\/msproperty.es\\\/es\\\/sobre-nosotros\\\/\",\"name\":\"Sobre Nosotros - MS Property\",\"isPartOf\":{\"@id\":\"https:\\\/\\\/msproperty.es\\\/en\\\/#website\"},\"datePublished\":\"2018-08-01T07:48:25+00:00\",\"dateModified\":\"2022-10-21T12:51:04+00:00\",\"breadcrumb\":{\"@id\":\"https:\\\/\\\/msproperty.es\\\/es\\\/sobre-nosotros\\\/#breadcrumb\"},\"inLanguage\":\"es\",\"potentialAction\":[{\"@type\":\"ReadAction\",\"target\":[\"https:\\\/\\\/msproperty.es\\\/es\\\/sobre-nosotros\\\/\"]}]},{\"@type\":\"BreadcrumbList\",\"@id\":\"https:\\\/\\\/msproperty.es\\\/es\\\/sobre-nosotros\\\/#breadcrumb\",\"itemListElement\":[{\"@type\":\"ListItem\",\"position\":1,\"name\":\"Home\",\"item\":\"https:\\\/\\\/msproperty.es\\\/en\\\/\"},{\"@type\":\"ListItem\",\"position\":2,\"name\":\"Sobre Nosotros\"}]},{\"@type\":\"WebSite\",\"@id\":\"https:\\\/\\\/msproperty.es\\\/en\\\/#website\",\"url\":\"https:\\\/\\\/msproperty.es\\\/en\\\/\",\"name\":\"MS Property\",\"description\":\"Inmobiliaria en Marbella y San Pedro\",\"potentialAction\":[{\"@type\":\"SearchAction\",\"target\":{\"@type\":\"EntryPoint\",\"urlTemplate\":\"https:\\\/\\\/msproperty.es\\\/en\\\/?s={search_term_string}\"},\"query-input\":{\"@type\":\"PropertyValueSpecification\",\"valueRequired\":true,\"valueName\":\"search_term_string\"}}],\"inLanguage\":\"es\"}]}<\/script>\n<!-- \/ Yoast SEO plugin. -->","yoast_head_json":{"title":"Sobre Nosotros - MS Property","robots":{"index":"index","follow":"follow","max-snippet":"max-snippet:-1","max-image-preview":"max-image-preview:large","max-video-preview":"max-video-preview:-1"},"canonical":"https:\/\/msproperty.es\/es\/sobre-nosotros\/","og_locale":"es_ES","og_type":"article","og_title":"Sobre Nosotros - MS Property","og_description":"[vc_row][vc_column][\/vc_column][\/vc_row][vc_row content_placement=&#8221;middle&#8221; css=&#8221;.vc_custom_1656417229565{padding-top: 50px !important;padding-bottom: 30px !important;}&#8221;][vc_column width=&#8221;1\/2&#8243;][vc_single_image image=&#8221;7341&#8243; img_size=&#8221;full&#8221;][\/vc_column][vc_column width=&#8221;1\/2&#8243;][vc_custom_heading text=&#8221;MS PROPERTY Asesores inmobiliarios.&#8221; font_container=&#8221;tag:h2|text_align:center|color:%23000099&#8243; google_fonts=&#8221;font_family:Raleway%3A100%2C200%2C300%2Cregular%2C500%2C600%2C700%2C800%2C900|font_style:600%20bold%20regular%3A600%3Anormal&#8221; css_animation=&#8221;fadeIn&#8221; css=&#8221;.vc_custom_1666356327859{padding-bottom: 30px !important;}&#8221;][vc_column_text] Empresa dedicada a la gesti\u00f3n inmobiliaria centrada en el \u00e1rea de actuaci\u00f3n de la Costa del Sol, ubicada en la localidad de San Pedro de Alc\u00e1ntara en Marbella (M\u00e1laga). Nuestra experiencia en el sector [&hellip;]","og_url":"https:\/\/msproperty.es\/es\/sobre-nosotros\/","og_site_name":"MS Property","article_modified_time":"2022-10-21T12:51:04+00:00","twitter_card":"summary_large_image","twitter_misc":{"Tiempo de lectura":"2 minutos"},"schema":{"@context":"https:\/\/schema.org","@graph":[{"@type":"WebPage","@id":"https:\/\/msproperty.es\/es\/sobre-nosotros\/","url":"https:\/\/msproperty.es\/es\/sobre-nosotros\/","name":"Sobre Nosotros - MS Property","isPartOf":{"@id":"https:\/\/msproperty.es\/en\/#website"},"datePublished":"2018-08-01T07:48:25+00:00","dateModified":"2022-10-21T12:51:04+00:00","breadcrumb":{"@id":"https:\/\/msproperty.es\/es\/sobre-nosotros\/#breadcrumb"},"inLanguage":"es","potentialAction":[{"@type":"ReadAction","target":["https:\/\/msproperty.es\/es\/sobre-nosotros\/"]}]},{"@type":"BreadcrumbList","@id":"https:\/\/msproperty.es\/es\/sobre-nosotros\/#breadcrumb","itemListElement":[{"@type":"ListItem","position":1,"name":"Home","item":"https:\/\/msproperty.es\/en\/"},{"@type":"ListItem","position":2,"name":"Sobre Nosotros"}]},{"@type":"WebSite","@id":"https:\/\/msproperty.es\/en\/#website","url":"https:\/\/msproperty.es\/en\/","name":"MS Property","description":"Inmobiliaria en Marbella y San Pedro","potentialAction":[{"@type":"SearchAction","target":{"@type":"EntryPoint","urlTemplate":"https:\/\/msproperty.es\/en\/?s={search_term_string}"},"query-input":{"@type":"PropertyValueSpecification","valueRequired":true,"valueName":"search_term_string"}}],"inLanguage":"es"}]}},"_links":{"self":[{"href":"https:\/\/msproperty.es\/es\/wp-json\/wp\/v2\/pages\/3233","targetHints":{"allow":["GET"]}}],"collection":[{"href":"https:\/\/msproperty.es\/es\/wp-json\/wp\/v2\/pages"}],"about":[{"href":"https:\/\/msproperty.es\/es\/wp-json\/wp\/v2\/types\/page"}],"author":[{"embeddable":true,"href":"https:\/\/msproperty.es\/es\/wp-json\/wp\/v2\/users\/2"}],"replies":[{"embeddable":true,"href":"https:\/\/msproperty.es\/es\/wp-json\/wp\/v2\/comments?post=3233"}],"version-history":[{"count":37,"href":"https:\/\/msproperty.es\/es\/wp-json\/wp\/v2\/pages\/3233\/revisions"}],"predecessor-version":[{"id":13060,"href":"https:\/\/msproperty.es\/es\/wp-json\/wp\/v2\/pages\/3233\/revisions\/13060"}],"wp:attachment":[{"href":"https:\/\/msproperty.es\/es\/wp-json\/wp\/v2\/media?parent=3233"}],"curies":[{"name":"wp","href":"https:\/\/api.w.org\/{rel}","templated":true}]}}