{"id":7286,"date":"2022-05-27T12:14:19","date_gmt":"2022-05-27T12:14:19","guid":{"rendered":"https:\/\/msproperty.es\/?page_id=7286"},"modified":"2022-06-29T11:35:33","modified_gmt":"2022-06-29T11:35:33","slug":"politica-de-cookies","status":"publish","type":"page","link":"https:\/\/msproperty.es\/es\/politica-de-cookies\/","title":{"rendered":"Pol\u00edtica de cookies"},"content":{"rendered":"<div class=\"wpb-content-wrapper\"><p>[vc_row][vc_column]<div style=\"clear:both; width:100%; height:50px\"><\/div>[\/vc_column][\/vc_row][vc_row][vc_column][vc_column_text]<\/p>\n<header class=\"entry-header\">\n<h1 class=\"entry-title\">Pol\u00edtica de Cookies<\/h1>\n<\/header>\n<div class=\"entry-content\">\n<h3>Utilizamos cookies de terceros no necesarias para la navegaci\u00f3n, con finalidades anal\u00edticas y estad\u00edsticas.<\/h3>\n<h4>\u00bfQu\u00e9 son las cookies?<\/h4>\n<p>Una cookie es un fichero que se descarga en su ordenador al acceder a determinadas p\u00e1ginas web. Las cookies permiten a una p\u00e1gina web, entre otras cosas, almacenar y recuperar informaci\u00f3n sobre los h\u00e1bitos de navegaci\u00f3n de un usuario o de su equipo y, dependiendo de la informaci\u00f3n que contengan y de la forma en que utilice su equipo, pueden utilizarse para reconocer al usuario.<br \/>\nEl presente sitio web utiliza las siguientes cookies no necesarias para la navegaci\u00f3n:<\/p>\n<h3>Cookies de terceros:<\/h3>\n<p>Son aquellas que se instalan en un Portal Web, pero no son titularidad del portal que se est\u00e1 visitando. Por tanto, estas cookies son espec\u00edficas de dominio de un tercero, y consecuentemente, las informaciones contenidas pueden ser vistas y gestionadas por \u00e9ste.<br \/>\nDel mismo modo, este tipo de cookies pueden usarse para mostrarle anuncios adaptados a sus propios intereses. Si el usuario hace clic en alg\u00fan banner, ser\u00e1 referido a la correspondiente URL del anunciante, en cuyo caso se usar\u00e1n cookies encargadas de perfeccionar informaci\u00f3n sobre sus propias preferencias.<\/p>\n<h4>Este sitio web utiliza las siguientes cookies de terceros:<\/h4>\n<ul>\n<li><a href=\"http:\/\/www.google.es\/analytics\/\" target=\"_blank\" rel=\"noopener\">Google Analytics<\/a>, desarrollada por Google Inc., permite obtener informaci\u00f3n de las visitas recibidas en el sitio web con el objeto de poder realizar evaluaciones, c\u00e1lculos estad\u00edsticos sobre datos totalmente an\u00f3nimos, con el objeto de garantizar la continuidad del servicio, optimizar el contenido y el rendimiento de nuestra web. Puedes consultar la pol\u00edtica de cookies de Google Analytics pulsando aqu\u00ed<\/li>\n<\/ul>\n<p>Todas estas tareas de procesamiento ser\u00e1n reguladas seg\u00fan las normas legales y se respetar\u00e1n todos sus derechos en materia de protecci\u00f3n de datos conforme a la regulaci\u00f3n vigente.<\/p>\n<h4>\u00bfC\u00f3mo puedo gestionar las cookies?<\/h4>\n<p>El presente sitio web hace uso de las cookies citadas, de todas formas, el usuario puede acceder al men\u00fa de preferencias de su navegador y configurarlo para que no se instalen cookies, borrar las ya existentes y\/o eliminarlas.<\/p>\n<p>Con el objeto de ampliar la informaci\u00f3n referente a la gesti\u00f3n de las cookies, en los siguientes enlaces se detallan los pasos para eliminar las cookies de los principales navegadores:<\/p>\n<ul>\n<li><a href=\"https:\/\/support.google.com\/chrome\/answer\/95647?hl=es\" target=\"_blank\" rel=\"noopener\">Eliminar cookies en Chrome<\/a><\/li>\n<li><a href=\"https:\/\/support.mozilla.org\/es\/kb\/Borrar%20cookies\" target=\"_blank\" rel=\"noopener\">Eliminar cookies en Firefox<\/a><\/li>\n<li><a href=\"http:\/\/windows.microsoft.com\/es-xl\/internet-explorer\/delete-manage-cookies#ie=ie-10\" target=\"_blank\" rel=\"noopener\">Eliminar cookies en Internet Explorer<\/a><\/li>\n<li><a href=\"http:\/\/support.apple.com\/kb\/HT1677?viewlocale=es_ES&amp;locale=es_ES\" target=\"_blank\" rel=\"noopener\">Eliminar cookies en Safari<\/a><\/li>\n<li><a href=\"http:\/\/help.opera.com\/Windows\/11.50\/es-ES\/cookies.html\" target=\"_blank\" rel=\"noopener\">Eliminar cookies en Opera<\/a><\/li>\n<\/ul>\n<h4>Para obtener m\u00e1s informaci\u00f3n sobre el uso de las cookies puedes acceder al enlace:<\/h4>\n<p><a href=\"http:\/\/www.agpd.es\/portalwebAGPD\/canaldocumentacion\/publicaciones\/common\/Guias\/Guia_Cookies.pdf\" target=\"_blank\" rel=\"noopener\">Gu\u00eda sobre el uso de las cookies elaborada por la Agencia Espa\u00f1ola de Protecci\u00f3n de Datos.<\/a><\/div>\n<p>[\/vc_column_text][\/vc_column][\/vc_row][vc_row][vc_column]<div style=\"clear:both; width:100%; height:50px\"><\/div>[\/vc_column][\/vc_row]<\/p>\n<\/div>","protected":false},"excerpt":{"rendered":"<p>[vc_row][vc_column][\/vc_column][\/vc_row][vc_row][vc_column][vc_column_text] Pol\u00edtica de Cookies Utilizamos cookies de terceros no necesarias para la navegaci\u00f3n, con finalidades anal\u00edticas y estad\u00edsticas. \u00bfQu\u00e9 son las cookies? Una cookie es un fichero que se descarga en su ordenador al acceder a determinadas p\u00e1ginas web. Las cookies permiten a una p\u00e1gina web, entre otras cosas, almacenar y recuperar informaci\u00f3n sobre los [&hellip;]<\/p>\n","protected":false},"author":5,"featured_media":0,"parent":0,"menu_order":0,"comment_status":"closed","ping_status":"closed","template":"template\/template-homepage.php","meta":{"footnotes":""},"class_list":["post-7286","page","type-page","status-publish","hentry"],"yoast_head":"<!-- This site is optimized with the Yoast SEO plugin v27.3 - https:\/\/yoast.com\/product\/yoast-seo-wordpress\/ -->\n<title>Pol\u00edtica de cookies - MS Property<\/title>\n<meta name=\"robots\" content=\"index, follow, max-snippet:-1, max-image-preview:large, max-video-preview:-1\" \/>\n<link rel=\"canonical\" href=\"https:\/\/msproperty.es\/es\/politica-de-cookies\/\" \/>\n<meta property=\"og:locale\" content=\"es_ES\" \/>\n<meta property=\"og:type\" content=\"article\" \/>\n<meta property=\"og:title\" content=\"Pol\u00edtica de cookies - MS Property\" \/>\n<meta property=\"og:description\" content=\"[vc_row][vc_column][\/vc_column][\/vc_row][vc_row][vc_column][vc_column_text] Pol\u00edtica de Cookies Utilizamos cookies de terceros no necesarias para la navegaci\u00f3n, con finalidades anal\u00edticas y estad\u00edsticas. \u00bfQu\u00e9 son las cookies? Una cookie es un fichero que se descarga en su ordenador al acceder a determinadas p\u00e1ginas web. Las cookies permiten a una p\u00e1gina web, entre otras cosas, almacenar y recuperar informaci\u00f3n sobre los [&hellip;]\" \/>\n<meta property=\"og:url\" content=\"https:\/\/msproperty.es\/es\/politica-de-cookies\/\" \/>\n<meta property=\"og:site_name\" content=\"MS Property\" \/>\n<meta property=\"article:modified_time\" content=\"2022-06-29T11:35:33+00:00\" \/>\n<meta name=\"twitter:card\" content=\"summary_large_image\" \/>\n<meta name=\"twitter:label1\" content=\"Tiempo de lectura\" \/>\n\t<meta name=\"twitter:data1\" content=\"2 minutos\" \/>\n<script type=\"application\/ld+json\" class=\"yoast-schema-graph\">{\"@context\":\"https:\\\/\\\/schema.org\",\"@graph\":[{\"@type\":\"WebPage\",\"@id\":\"https:\\\/\\\/msproperty.es\\\/es\\\/politica-de-cookies\\\/\",\"url\":\"https:\\\/\\\/msproperty.es\\\/es\\\/politica-de-cookies\\\/\",\"name\":\"Pol\u00edtica de cookies - MS Property\",\"isPartOf\":{\"@id\":\"https:\\\/\\\/msproperty.es\\\/en\\\/#website\"},\"datePublished\":\"2022-05-27T12:14:19+00:00\",\"dateModified\":\"2022-06-29T11:35:33+00:00\",\"breadcrumb\":{\"@id\":\"https:\\\/\\\/msproperty.es\\\/es\\\/politica-de-cookies\\\/#breadcrumb\"},\"inLanguage\":\"es\",\"potentialAction\":[{\"@type\":\"ReadAction\",\"target\":[\"https:\\\/\\\/msproperty.es\\\/es\\\/politica-de-cookies\\\/\"]}]},{\"@type\":\"BreadcrumbList\",\"@id\":\"https:\\\/\\\/msproperty.es\\\/es\\\/politica-de-cookies\\\/#breadcrumb\",\"itemListElement\":[{\"@type\":\"ListItem\",\"position\":1,\"name\":\"Home\",\"item\":\"https:\\\/\\\/msproperty.es\\\/en\\\/\"},{\"@type\":\"ListItem\",\"position\":2,\"name\":\"Pol\u00edtica de cookies\"}]},{\"@type\":\"WebSite\",\"@id\":\"https:\\\/\\\/msproperty.es\\\/en\\\/#website\",\"url\":\"https:\\\/\\\/msproperty.es\\\/en\\\/\",\"name\":\"MS Property\",\"description\":\"Inmobiliaria en Marbella y San Pedro\",\"potentialAction\":[{\"@type\":\"SearchAction\",\"target\":{\"@type\":\"EntryPoint\",\"urlTemplate\":\"https:\\\/\\\/msproperty.es\\\/en\\\/?s={search_term_string}\"},\"query-input\":{\"@type\":\"PropertyValueSpecification\",\"valueRequired\":true,\"valueName\":\"search_term_string\"}}],\"inLanguage\":\"es\"}]}<\/script>\n<!-- \/ Yoast SEO plugin. -->","yoast_head_json":{"title":"Pol\u00edtica de cookies - MS Property","robots":{"index":"index","follow":"follow","max-snippet":"max-snippet:-1","max-image-preview":"max-image-preview:large","max-video-preview":"max-video-preview:-1"},"canonical":"https:\/\/msproperty.es\/es\/politica-de-cookies\/","og_locale":"es_ES","og_type":"article","og_title":"Pol\u00edtica de cookies - MS Property","og_description":"[vc_row][vc_column][\/vc_column][\/vc_row][vc_row][vc_column][vc_column_text] Pol\u00edtica de Cookies Utilizamos cookies de terceros no necesarias para la navegaci\u00f3n, con finalidades anal\u00edticas y estad\u00edsticas. \u00bfQu\u00e9 son las cookies? Una cookie es un fichero que se descarga en su ordenador al acceder a determinadas p\u00e1ginas web. Las cookies permiten a una p\u00e1gina web, entre otras cosas, almacenar y recuperar informaci\u00f3n sobre los [&hellip;]","og_url":"https:\/\/msproperty.es\/es\/politica-de-cookies\/","og_site_name":"MS Property","article_modified_time":"2022-06-29T11:35:33+00:00","twitter_card":"summary_large_image","twitter_misc":{"Tiempo de lectura":"2 minutos"},"schema":{"@context":"https:\/\/schema.org","@graph":[{"@type":"WebPage","@id":"https:\/\/msproperty.es\/es\/politica-de-cookies\/","url":"https:\/\/msproperty.es\/es\/politica-de-cookies\/","name":"Pol\u00edtica de cookies - MS Property","isPartOf":{"@id":"https:\/\/msproperty.es\/en\/#website"},"datePublished":"2022-05-27T12:14:19+00:00","dateModified":"2022-06-29T11:35:33+00:00","breadcrumb":{"@id":"https:\/\/msproperty.es\/es\/politica-de-cookies\/#breadcrumb"},"inLanguage":"es","potentialAction":[{"@type":"ReadAction","target":["https:\/\/msproperty.es\/es\/politica-de-cookies\/"]}]},{"@type":"BreadcrumbList","@id":"https:\/\/msproperty.es\/es\/politica-de-cookies\/#breadcrumb","itemListElement":[{"@type":"ListItem","position":1,"name":"Home","item":"https:\/\/msproperty.es\/en\/"},{"@type":"ListItem","position":2,"name":"Pol\u00edtica de cookies"}]},{"@type":"WebSite","@id":"https:\/\/msproperty.es\/en\/#website","url":"https:\/\/msproperty.es\/en\/","name":"MS Property","description":"Inmobiliaria en Marbella y San Pedro","potentialAction":[{"@type":"SearchAction","target":{"@type":"EntryPoint","urlTemplate":"https:\/\/msproperty.es\/en\/?s={search_term_string}"},"query-input":{"@type":"PropertyValueSpecification","valueRequired":true,"valueName":"search_term_string"}}],"inLanguage":"es"}]}},"_links":{"self":[{"href":"https:\/\/msproperty.es\/es\/wp-json\/wp\/v2\/pages\/7286","targetHints":{"allow":["GET"]}}],"collection":[{"href":"https:\/\/msproperty.es\/es\/wp-json\/wp\/v2\/pages"}],"about":[{"href":"https:\/\/msproperty.es\/es\/wp-json\/wp\/v2\/types\/page"}],"author":[{"embeddable":true,"href":"https:\/\/msproperty.es\/es\/wp-json\/wp\/v2\/users\/5"}],"replies":[{"embeddable":true,"href":"https:\/\/msproperty.es\/es\/wp-json\/wp\/v2\/comments?post=7286"}],"version-history":[{"count":3,"href":"https:\/\/msproperty.es\/es\/wp-json\/wp\/v2\/pages\/7286\/revisions"}],"predecessor-version":[{"id":7387,"href":"https:\/\/msproperty.es\/es\/wp-json\/wp\/v2\/pages\/7286\/revisions\/7387"}],"wp:attachment":[{"href":"https:\/\/msproperty.es\/es\/wp-json\/wp\/v2\/media?parent=7286"}],"curies":[{"name":"wp","href":"https:\/\/api.w.org\/{rel}","templated":true}]}}